{"id":2438,"date":"2025-12-13T14:41:30","date_gmt":"2025-12-13T14:41:30","guid":{"rendered":"https:\/\/gaatauto.az\/?page_id=2438"},"modified":"2025-12-13T14:58:53","modified_gmt":"2025-12-13T14:58:53","slug":"bloq","status":"publish","type":"page","link":"https:\/\/gaatauto.az\/en\/bloq\/","title":{"rendered":"Bloq"},"content":{"rendered":"<div data-elementor-type=\"wp-page\" data-elementor-id=\"2438\" class=\"elementor elementor-2438\">\n\t\t\t\t\t\t<section class=\"elementor-section elementor-top-section elementor-element elementor-element-d4aee84 elementor-section-boxed elementor-section-height-default elementor-section-height-default\" data-id=\"d4aee84\" data-element_type=\"section\" data-e-type=\"section\">\n\t\t\t\t\t\t<div class=\"elementor-container elementor-column-gap-default\">\n\t\t\t\t\t<div class=\"elementor-column elementor-col-100 elementor-top-column elementor-element elementor-element-2249852\" data-id=\"2249852\" data-element_type=\"column\" data-e-type=\"column\">\n\t\t\t<div class=\"elementor-widget-wrap elementor-element-populated\">\n\t\t\t\t\t\t<div class=\"elementor-element elementor-element-205b130 elementor-widget elementor-widget-elementskit-blog-posts\" data-id=\"205b130\" data-element_type=\"widget\" data-e-type=\"widget\" data-widget_type=\"elementskit-blog-posts.default\">\n\t\t\t\t<div class=\"elementor-widget-container\">\n\t\t\t\t\t<div class=\"ekit-wid-con\" >        <div id=\"post-items--205b130\" class=\"row post-items\">\n                    <div class=\"col-lg-4 col-md-6\">\n\n                                    <div class=\"elementskit-post-image-card\">\n                        <div class=\"elementskit-entry-header\">\n                                                            <a href=\"https:\/\/gaatauto.az\/en\/2018\/10\/11\/bmw-vs-austin-martin-going-higher\/\" class=\"elementskit-entry-thumb\">\n                                    <img decoding=\"async\" src=\"https:\/\/gaatauto.az\/wp-content\/uploads\/2019\/01\/post-img21-1.jpg\" alt=\"Avtomobiliniz niy\u0259 d\u0259qiq diaqnostikaya ehtiyac duyur?\">\n                                <\/a><!-- .elementskit-entry-thumb END -->\n                                                            \n                            \n\t\t\t\t\t\t\t\t\t\t\t\t\t<\/div><!-- .elementskit-entry-header END -->\n\n\t\t\t\t\t\t<div class=\"elementskit-post-body\">\n\t\t\t\t\t\t\t\n\t\t\t\t\t\t\t\t\t\t\t\t\t\t\t\t\t\t\t\t\t\t\t\t\t\t\t\t\t\t\n\t\t\t\t\t\t\t\t\n\t\t\t\t\t\t\t\t\t\t\t\t\t\t\t\t\t\t\t\t\t<h2 class=\"entry-title\">\n\t\t\t\t\t<a href=\"https:\/\/gaatauto.az\/en\/2018\/10\/11\/bmw-vs-austin-martin-going-higher\/\">\n\t\t\t\t\t\tAvtomobiliniz niy\u0259 d\u0259qiq diaqnostikaya ehtiyac duyur?\t\t\t\t\t<\/a>\n\t\t\t\t<\/h2>\n\t\t\t\t\t\t\t\t\t\t\t\t\t\t\t\t\t\t\t\t\t\t\t\t\t\t\t\t\t\t\t\t                                                            <div class=\"btn-wraper\">\n                                    \n                                                                            <a class=\"elementskit-btn whitespace--normal\" id=\"\" href=\"https:\/\/gaatauto.az\/en\/2018\/10\/11\/bmw-vs-austin-martin-going-higher\/\">\n                                        \t                                            Daha \u0259trafl\u0131                                        <\/a>\n                                                                    <\/div>\n                                                    <\/div><!-- .elementskit-post-body END -->\n                    <\/div>\n                \n            <\/div>\n                    <div class=\"col-lg-4 col-md-6\">\n\n                                    <div class=\"elementskit-post-image-card\">\n                        <div class=\"elementskit-entry-header\">\n                                                            <a href=\"https:\/\/gaatauto.az\/en\/2017\/07\/11\/bmw-vs-austin-going-higher\/\" class=\"elementskit-entry-thumb\">\n                                    <img decoding=\"async\" src=\"https:\/\/gaatauto.az\/wp-content\/uploads\/2019\/01\/post-img21-1.jpg\" alt=\"M\u00fch\u0259rrikd\u0259n Pnevma Asq\u0131s\u0131na \u2014 Avtomobilinizin \u00d6mr\u00fcn\u00fc Uzadan Pe\u015f\u0259kar T\u0259mirin Rolu\">\n                                <\/a><!-- .elementskit-entry-thumb END -->\n                                                            \n                            \n\t\t\t\t\t\t\t\t\t\t\t\t\t<\/div><!-- .elementskit-entry-header END -->\n\n\t\t\t\t\t\t<div class=\"elementskit-post-body\">\n\t\t\t\t\t\t\t\n\t\t\t\t\t\t\t\t\t\t\t\t\t\t\t\t\t\t\t\t\t\t\t\t\t\t\t\t\t\t\n\t\t\t\t\t\t\t\t\n\t\t\t\t\t\t\t\t\t\t\t\t\t\t\t\t\t\t\t\t\t<h2 class=\"entry-title\">\n\t\t\t\t\t<a href=\"https:\/\/gaatauto.az\/en\/2017\/07\/11\/bmw-vs-austin-going-higher\/\">\n\t\t\t\t\t\tM\u00fch\u0259rrikd\u0259n Pnevma Asq\u0131s\u0131na \u2014 Avtomobilinizin \u00d6mr\u00fcn\u00fc Uzadan Pe\u015f\u0259kar T\u0259mirin Rolu\t\t\t\t\t<\/a>\n\t\t\t\t<\/h2>\n\t\t\t\t\t\t\t\t\t\t\t\t\t\t\t\t\t\t\t\t\t\t\t\t\t\t\t\t\t\t\t\t                                                            <div class=\"btn-wraper\">\n                                    \n                                                                            <a class=\"elementskit-btn whitespace--normal\" id=\"\" href=\"https:\/\/gaatauto.az\/en\/2017\/07\/11\/bmw-vs-austin-going-higher\/\">\n                                        \t                                            Daha \u0259trafl\u0131                                        <\/a>\n                                                                    <\/div>\n                                                    <\/div><!-- .elementskit-post-body END -->\n                    <\/div>\n                \n            <\/div>\n                    <div class=\"col-lg-4 col-md-6\">\n\n                                    <div class=\"elementskit-post-image-card\">\n                        <div class=\"elementskit-entry-header\">\n                                                            <a href=\"https:\/\/gaatauto.az\/en\/2017\/01\/11\/riding-with-friend-is-the-best-feeling-in-the-world\/\" class=\"elementskit-entry-thumb\">\n                                    <img decoding=\"async\" src=\"https:\/\/gaatauto.az\/wp-content\/uploads\/2019\/01\/post-img11.jpg\" alt=\"Elektrik Sistemi: M\u00fcasir Avtomobill\u0259rin Beyni Niy\u0259 X\u00fcsusi Diqq\u0259t T\u0259l\u0259b Edir?\">\n                                <\/a><!-- .elementskit-entry-thumb END -->\n                                                            \n                            \n\t\t\t\t\t\t\t\t\t\t\t\t\t<\/div><!-- .elementskit-entry-header END -->\n\n\t\t\t\t\t\t<div class=\"elementskit-post-body\">\n\t\t\t\t\t\t\t\n\t\t\t\t\t\t\t\t\t\t\t\t\t\t\t\t\t\t\t\t\t\t\t\t\t\t\t\t\t\t\n\t\t\t\t\t\t\t\t\n\t\t\t\t\t\t\t\t\t\t\t\t\t\t\t\t\t\t\t\t\t<h2 class=\"entry-title\">\n\t\t\t\t\t<a href=\"https:\/\/gaatauto.az\/en\/2017\/01\/11\/riding-with-friend-is-the-best-feeling-in-the-world\/\">\n\t\t\t\t\t\tElektrik Sistemi: M\u00fcasir Avtomobill\u0259rin Beyni Niy\u0259 X\u00fcsusi Diqq\u0259t T\u0259l\u0259b Edir?\t\t\t\t\t<\/a>\n\t\t\t\t<\/h2>\n\t\t\t\t\t\t\t\t\t\t\t\t\t\t\t\t\t\t\t\t\t\t\t\t\t\t\t\t\t\t\t\t                                                            <div class=\"btn-wraper\">\n                                    \n                                                                            <a class=\"elementskit-btn whitespace--normal\" id=\"\" href=\"https:\/\/gaatauto.az\/en\/2017\/01\/11\/riding-with-friend-is-the-best-feeling-in-the-world\/\">\n                                        \t                                            Daha \u0259trafl\u0131                                        <\/a>\n                                                                    <\/div>\n                                                    <\/div><!-- .elementskit-post-body END -->\n                    <\/div>\n                \n            <\/div>\n                <\/div>\n       <\/div>\t\t\t\t<\/div>\n\t\t\t\t<\/div>\n\t\t\t\t\t<\/div>\n\t\t<\/div>\n\t\t\t\t\t<\/div>\n\t\t<\/section>\n\t\t\t\t<\/div>","protected":false},"excerpt":{"rendered":"<p>Repaired Unlocking Being Daha \u0259trafl\u0131 Crazy Your Auto Repair Daha \u0259trafl\u0131 Riding with friend is the best Daha \u0259trafl\u0131<\/p>","protected":false},"author":1,"featured_media":0,"parent":0,"menu_order":0,"comment_status":"closed","ping_status":"closed","template":"template\/full-width-template.php","meta":{"footnotes":""},"class_list":["post-2438","page","type-page","status-publish","hentry"],"_links":{"self":[{"href":"https:\/\/gaatauto.az\/en\/wp-json\/wp\/v2\/pages\/2438","targetHints":{"allow":["GET"]}}],"collection":[{"href":"https:\/\/gaatauto.az\/en\/wp-json\/wp\/v2\/pages"}],"about":[{"href":"https:\/\/gaatauto.az\/en\/wp-json\/wp\/v2\/types\/page"}],"author":[{"embeddable":true,"href":"https:\/\/gaatauto.az\/en\/wp-json\/wp\/v2\/users\/1"}],"replies":[{"embeddable":true,"href":"https:\/\/gaatauto.az\/en\/wp-json\/wp\/v2\/comments?post=2438"}],"version-history":[{"count":11,"href":"https:\/\/gaatauto.az\/en\/wp-json\/wp\/v2\/pages\/2438\/revisions"}],"predecessor-version":[{"id":2461,"href":"https:\/\/gaatauto.az\/en\/wp-json\/wp\/v2\/pages\/2438\/revisions\/2461"}],"wp:attachment":[{"href":"https:\/\/gaatauto.az\/en\/wp-json\/wp\/v2\/media?parent=2438"}],"curies":[{"name":"wp","href":"https:\/\/api.w.org\/{rel}","templated":true}]}}