{"id":43,"date":"2019-01-11T06:14:08","date_gmt":"2019-01-11T06:14:08","guid":{"rendered":"http:\/\/localhost\/panel\/xpeedstudio\/wp\/automobil\/?page_id=43"},"modified":"2025-12-14T07:26:52","modified_gmt":"2025-12-14T07:26:52","slug":"haqqimizda","status":"publish","type":"page","link":"https:\/\/gaatauto.az\/en\/haqqimizda\/","title":{"rendered":"Haqq\u0131m\u0131zda"},"content":{"rendered":"<div data-elementor-type=\"wp-post\" data-elementor-id=\"43\" class=\"elementor elementor-43\">\n\t\t\t\t\t\t<section class=\"elementor-section elementor-top-section elementor-element elementor-element-08a0e01 elementor-section-boxed elementor-section-height-default elementor-section-height-default\" data-id=\"08a0e01\" data-element_type=\"section\" data-e-type=\"section\">\n\t\t\t\t\t\t<div class=\"elementor-container elementor-column-gap-default\">\n\t\t\t\t\t<div class=\"elementor-column elementor-col-100 elementor-top-column elementor-element elementor-element-16645af\" data-id=\"16645af\" data-element_type=\"column\" data-e-type=\"column\" data-settings=\"{&quot;background_background&quot;:&quot;classic&quot;}\">\n\t\t\t<div class=\"elementor-widget-wrap elementor-element-populated\">\n\t\t\t\t\t\t<section class=\"elementor-section elementor-inner-section elementor-element elementor-element-49a71ab elementor-section-boxed elementor-section-height-default elementor-section-height-default\" data-id=\"49a71ab\" data-element_type=\"section\" data-e-type=\"section\">\n\t\t\t\t\t\t<div class=\"elementor-container elementor-column-gap-default\">\n\t\t\t\t\t<div class=\"elementor-column elementor-col-50 elementor-inner-column elementor-element elementor-element-65c9d07 skew-shap\" data-id=\"65c9d07\" data-element_type=\"column\" data-e-type=\"column\">\n\t\t\t<div class=\"elementor-widget-wrap elementor-element-populated\">\n\t\t\t\t\t\t<div class=\"elementor-element elementor-element-2cbb54d elementor-hidden-tablet elementor-hidden-phone elementor-widget elementor-widget-image\" data-id=\"2cbb54d\" data-element_type=\"widget\" data-e-type=\"widget\" data-widget_type=\"image.default\">\n\t\t\t\t<div class=\"elementor-widget-container\">\n\t\t\t\t\t\t\t\t\t\t\t\t\t\t\t<img fetchpriority=\"high\" decoding=\"async\" width=\"635\" height=\"375\" src=\"https:\/\/gaatauto.az\/wp-content\/uploads\/2019\/01\/about-img21.jpg\" class=\"attachment-large size-large wp-image-795\" alt=\"\" srcset=\"https:\/\/gaatauto.az\/wp-content\/uploads\/2019\/01\/about-img21.jpg 635w, https:\/\/gaatauto.az\/wp-content\/uploads\/2019\/01\/about-img21-300x177.jpg 300w\" sizes=\"(max-width: 635px) 100vw, 635px\" \/>\t\t\t\t\t\t\t\t\t\t\t\t\t\t\t<\/div>\n\t\t\t\t<\/div>\n\t\t\t\t\t<\/div>\n\t\t<\/div>\n\t\t\t\t<div class=\"elementor-column elementor-col-50 elementor-inner-column elementor-element elementor-element-2275c61\" data-id=\"2275c61\" data-element_type=\"column\" data-e-type=\"column\">\n\t\t\t<div class=\"elementor-widget-wrap elementor-element-populated\">\n\t\t\t\t\t\t<div class=\"elementor-element elementor-element-bd10e4d elementor-view-stacked elementor-shape-square elementor-widget elementor-widget-icon\" data-id=\"bd10e4d\" data-element_type=\"widget\" data-e-type=\"widget\" data-widget_type=\"icon.default\">\n\t\t\t\t<div class=\"elementor-widget-container\">\n\t\t\t\t\t\t\t<div class=\"elementor-icon-wrapper\">\n\t\t\t<div class=\"elementor-icon\">\n\t\t\t<i aria-hidden=\"true\" class=\"fasicon icon-repair\"><\/i>\t\t\t<\/div>\n\t\t<\/div>\n\t\t\t\t\t\t<\/div>\n\t\t\t\t<\/div>\n\t\t\t\t<div class=\"elementor-element elementor-element-34820fa elementor-widget elementor-widget-autrics-title\" data-id=\"34820fa\" data-element_type=\"widget\" data-e-type=\"widget\" data-widget_type=\"autrics-title.default\">\n\t\t\t\t<div class=\"elementor-widget-container\">\n\t\t\t\t\t                    <div class=\"title-section-area title-border-none\">\n                <h3 class=\"section-title\">\n                    20 \u0130llik T\u0259cr\u00fcb\u0259                <\/h3>\n            <\/div><!-- Section title -->\n        \n\t\t\t\t<\/div>\n\t\t\t\t<\/div>\n\t\t\t\t<div class=\"elementor-element elementor-element-b5c3d5e elementor-widget elementor-widget-text-editor\" data-id=\"b5c3d5e\" data-element_type=\"widget\" data-e-type=\"widget\" data-widget_type=\"text-editor.default\">\n\t\t\t\t<div class=\"elementor-widget-container\">\n\t\t\t\t\t\t\t\t\t<p>GAAT Autoservis m\u00fcasir avtomobil xidm\u0259tl\u0259rini bir araya g\u0259tir\u0259n, y\u00fcks\u0259k texnologiya v\u0259 pe\u015f\u0259karl\u0131q \u00fcz\u0259rind\u0259 qurulmu\u015f tam servis m\u0259rk\u0259zidir. Biz avtomobil sahibl\u0259rin\u0259 yaln\u0131z t\u0259mir xidm\u0259ti deyil, etibar edil\u0259 bil\u0259n texniki t\u0259r\u0259fda\u015fl\u0131q t\u0259klif edirik. M\u0259qs\u0259dimiz \u2013 h\u0259r m\u00fc\u015ft\u0259rinin avtomobilini uzun\u00f6m\u00fcrl\u00fc, t\u0259hl\u00fck\u0259siz v\u0259 problemsiz \u015f\u0259kild\u0259 istifad\u0259 etm\u0259sini t\u0259min etm\u0259kdir.<\/p>\t\t\t\t\t\t\t\t<\/div>\n\t\t\t\t<\/div>\n\t\t\t\t\t<\/div>\n\t\t<\/div>\n\t\t\t\t\t<\/div>\n\t\t<\/section>\n\t\t\t\t\t<\/div>\n\t\t<\/div>\n\t\t\t\t\t<\/div>\n\t\t<\/section>\n\t\t\t\t<section class=\"elementor-section elementor-top-section elementor-element elementor-element-28c98ce elementor-section-boxed elementor-section-height-default elementor-section-height-default\" data-id=\"28c98ce\" data-element_type=\"section\" data-e-type=\"section\" data-settings=\"{&quot;background_background&quot;:&quot;classic&quot;}\">\n\t\t\t\t\t\t<div class=\"elementor-container elementor-column-gap-default\">\n\t\t\t\t\t<div class=\"elementor-column elementor-col-50 elementor-top-column elementor-element elementor-element-838d034\" data-id=\"838d034\" data-element_type=\"column\" data-e-type=\"column\" data-settings=\"{&quot;background_background&quot;:&quot;classic&quot;}\">\n\t\t\t<div class=\"elementor-widget-wrap elementor-element-populated\">\n\t\t\t\t\t\t<div class=\"elementor-element elementor-element-9f10f27 elementor-widget elementor-widget-autrics-about-us-tab\" data-id=\"9f10f27\" data-element_type=\"widget\" data-e-type=\"widget\" data-widget_type=\"autrics-about-us-tab.default\">\n\t\t\t\t<div class=\"elementor-widget-container\">\n\t\t\t\t\t\n      <div class=\"row about-us\">\n         <div class=\"col-lg-4 col-md-4\">\n            <ul class=\"nav nav-tabs ts-tab\" id=\"myTab\" role=\"tablist\">\n                              <li class=\"nav-item\">\n                  <a class=\"nav-link active\"  data-toggle=\"tab\" href=\"#tab-item-0\" role=\"tab\"  aria-selected=\"true\">\n                  <i class=\"icon-history\"><\/i>Haqq\u0131m\u0131zda<\/a>\n               <\/li>\n                           <\/ul><!-- ul end -->\n         <\/div><!-- Col end -->\n         <div class=\"col-lg-8 col-md-8 about-us\">\n            <div class=\"tab-content ts-tab-content\" id=\"myTabContent\">\n                           <div class=\"tab-pane fade show active\" id=\"tab-item-0\" role=\"tabpanel\">\n                  <h2 class=\"column-title-sm\">\n                                    <span> Biz<\/span> Kimik?                  <\/h2>\n                  <p>\n                  <p>GAAT-\u0131n \u0259sas f\u0259ls\u0259f\u0259si d\u00fczg\u00fcn diaqnoz, \u015f\u0259ffaf xidm\u0259t v\u0259 keyfiyy\u0259tli icra prinsipl\u0259rin\u0259 dayan\u0131r. H\u0259r bir avtomobil \u0259vv\u0259lc\u0259 d\u0259qiq diaqnostikadan ke\u00e7irilir, nasazl\u0131q v\u0259 g\u00f6r\u00fcl\u0259c\u0259k i\u015fl\u0259r m\u00fc\u015ft\u0259riy\u0259 izah edilir, sonra proses tam \u015f\u0259ffaf \u015f\u0259kild\u0259 h\u0259yata ke\u00e7irilir. Bizim \u00fc\u00e7\u00fcn etibar n\u0259tic\u0259d\u0259n ba\u015flay\u0131r.<\/p>                  <\/p>\n               <\/div> <!-- tab pane end -->\n                           <\/div> <!-- tab content -->\n         <\/div> <!-- col end -->\n      <\/div><!-- Row end -->\n \n     \t\t\t\t<\/div>\n\t\t\t\t<\/div>\n\t\t\t\t\t<\/div>\n\t\t<\/div>\n\t\t\t\t<div class=\"elementor-column elementor-col-50 elementor-top-column elementor-element elementor-element-178506d\" data-id=\"178506d\" data-element_type=\"column\" data-e-type=\"column\">\n\t\t\t<div class=\"elementor-widget-wrap elementor-element-populated\">\n\t\t\t\t\t\t<div class=\"elementor-element elementor-element-6cb1530 elementor-widget elementor-widget-image\" data-id=\"6cb1530\" data-element_type=\"widget\" data-e-type=\"widget\" data-widget_type=\"image.default\">\n\t\t\t\t<div class=\"elementor-widget-container\">\n\t\t\t\t\t\t\t\t\t\t\t\t\t\t\t<img decoding=\"async\" width=\"425\" height=\"348\" src=\"https:\/\/gaatauto.az\/wp-content\/uploads\/2019\/01\/our-history1.png\" class=\"attachment-large size-large wp-image-732\" alt=\"\" srcset=\"https:\/\/gaatauto.az\/wp-content\/uploads\/2019\/01\/our-history1.png 425w, https:\/\/gaatauto.az\/wp-content\/uploads\/2019\/01\/our-history1-300x246.png 300w\" sizes=\"(max-width: 425px) 100vw, 425px\" \/>\t\t\t\t\t\t\t\t\t\t\t\t\t\t\t<\/div>\n\t\t\t\t<\/div>\n\t\t\t\t\t<\/div>\n\t\t<\/div>\n\t\t\t\t\t<\/div>\n\t\t<\/section>\n\t\t\t\t<section class=\"elementor-section elementor-top-section elementor-element elementor-element-89314f4 elementor-section-boxed elementor-section-height-default elementor-section-height-default\" data-id=\"89314f4\" data-element_type=\"section\" data-e-type=\"section\">\n\t\t\t\t\t\t<div class=\"elementor-container elementor-column-gap-default\">\n\t\t\t\t\t<div class=\"elementor-column elementor-col-100 elementor-top-column elementor-element elementor-element-f6c607f\" data-id=\"f6c607f\" data-element_type=\"column\" data-e-type=\"column\">\n\t\t\t<div class=\"elementor-widget-wrap elementor-element-populated\">\n\t\t\t\t\t\t<div class=\"elementor-element elementor-element-067d74f elementor-widget elementor-widget-autrics-process\" data-id=\"067d74f\" data-element_type=\"widget\" data-e-type=\"widget\" data-widget_type=\"autrics-process.default\">\n\t\t\t\t<div class=\"elementor-widget-container\">\n\t\t\t\t\t      \t    \t\n         \n\t\t<div class=\"row footer-top\">\n               <div class=\"col-md-4 footer-box\">\n                  <i class=\"icon icon-map-marker1\"><\/i>\n                  <div class=\"footer-box-content\">\n                     <h3>Masaz\u0131r dair\u0259sinin yax\u0131nl\u0131\u011f\u0131<\/h3>\n                     <p>Servisin \u00fcnvan\u0131<\/p>\n                  <\/div>\n\t\t\t\t  <span class=\"angle-shap\"><\/span>\n               <\/div><!-- Box 1 end-->\n\t\t\t   <div class=\"col-md-4 footer-box\">\n                  <i class=\"icon icon-phone1\"><\/i>\n                  <div class=\"footer-box-content\">\n                     <h3>+994 51 329 29 03<\/h3>\n                     <p>Z\u0259ng edin<\/p>\n                  <\/div>\n\t\t\t\t  <span class=\"angle-shap\"><\/span>\n\t\t\t\n               <\/div><!-- Box 1 end-->\n\t\t\t   <div class=\"col-md-4 footer-box\">\n                  <i class=\"icon icon-envelope1\"><\/i>\n                  <div class=\"footer-box-content\">\n                     <h3>info@gaatauto.az<\/h3>\n                     <p>24\/7 xidm\u0259t<\/p>\n                  <\/div>\n               <\/div><!-- Box 1 end-->\n         <\/div><!-- Content row end--> \n\n\t          \n     \t\t\t\t<\/div>\n\t\t\t\t<\/div>\n\t\t\t\t\t<\/div>\n\t\t<\/div>\n\t\t\t\t\t<\/div>\n\t\t<\/section>\n\t\t\t\t<section class=\"elementor-section elementor-top-section elementor-element elementor-element-fb98b82 elementor-section-boxed elementor-section-height-default elementor-section-height-default\" data-id=\"fb98b82\" data-element_type=\"section\" data-e-type=\"section\">\n\t\t\t\t\t\t<div class=\"elementor-container elementor-column-gap-default\">\n\t\t\t\t\t<div class=\"elementor-column elementor-col-100 elementor-top-column elementor-element elementor-element-865c5f9\" data-id=\"865c5f9\" data-element_type=\"column\" data-e-type=\"column\">\n\t\t\t<div class=\"elementor-widget-wrap\">\n\t\t\t\t\t\t\t<\/div>\n\t\t<\/div>\n\t\t\t\t\t<\/div>\n\t\t<\/section>\n\t\t\t\t<section class=\"elementor-section elementor-top-section elementor-element elementor-element-fedfd13 elementor-section-boxed elementor-section-height-default elementor-section-height-default\" data-id=\"fedfd13\" data-element_type=\"section\" data-e-type=\"section\">\n\t\t\t\t\t\t<div class=\"elementor-container elementor-column-gap-default\">\n\t\t\t\t\t<div class=\"elementor-column elementor-col-100 elementor-top-column elementor-element elementor-element-aefe3f7\" data-id=\"aefe3f7\" data-element_type=\"column\" data-e-type=\"column\">\n\t\t\t<div class=\"elementor-widget-wrap\">\n\t\t\t\t\t\t\t<\/div>\n\t\t<\/div>\n\t\t\t\t\t<\/div>\n\t\t<\/section>\n\t\t\t\t<\/div>","protected":false},"excerpt":{"rendered":"<p>20 \u0130llik T\u0259cr\u00fcb\u0259 GAAT Autoservis m\u00fcasir avtomobil xidm\u0259tl\u0259rini bir araya g\u0259tir\u0259n, y\u00fcks\u0259k texnologiya v\u0259 pe\u015f\u0259karl\u0131q \u00fcz\u0259rind\u0259 qurulmu\u015f tam servis m\u0259rk\u0259zidir. Biz avtomobil sahibl\u0259rin\u0259 yaln\u0131z t\u0259mir xidm\u0259ti deyil, etibar edil\u0259 bil\u0259n texniki t\u0259r\u0259fda\u015fl\u0131q t\u0259klif edirik. M\u0259qs\u0259dimiz \u2013 h\u0259r m\u00fc\u015ft\u0259rinin avtomobilini uzun\u00f6m\u00fcrl\u00fc, t\u0259hl\u00fck\u0259siz v\u0259 problemsiz \u015f\u0259kild\u0259 istifad\u0259 etm\u0259sini t\u0259min etm\u0259kdir. Haqq\u0131m\u0131zda Biz Kimik? GAAT-\u0131n \u0259sas f\u0259ls\u0259f\u0259si d\u00fczg\u00fcn [&hellip;]<\/p>","protected":false},"author":1,"featured_media":0,"parent":0,"menu_order":0,"comment_status":"closed","ping_status":"closed","template":"template\/full-width-template.php","meta":{"footnotes":""},"class_list":["post-43","page","type-page","status-publish","hentry"],"_links":{"self":[{"href":"https:\/\/gaatauto.az\/en\/wp-json\/wp\/v2\/pages\/43","targetHints":{"allow":["GET"]}}],"collection":[{"href":"https:\/\/gaatauto.az\/en\/wp-json\/wp\/v2\/pages"}],"about":[{"href":"https:\/\/gaatauto.az\/en\/wp-json\/wp\/v2\/types\/page"}],"author":[{"embeddable":true,"href":"https:\/\/gaatauto.az\/en\/wp-json\/wp\/v2\/users\/1"}],"replies":[{"embeddable":true,"href":"https:\/\/gaatauto.az\/en\/wp-json\/wp\/v2\/comments?post=43"}],"version-history":[{"count":34,"href":"https:\/\/gaatauto.az\/en\/wp-json\/wp\/v2\/pages\/43\/revisions"}],"predecessor-version":[{"id":2600,"href":"https:\/\/gaatauto.az\/en\/wp-json\/wp\/v2\/pages\/43\/revisions\/2600"}],"wp:attachment":[{"href":"https:\/\/gaatauto.az\/en\/wp-json\/wp\/v2\/media?parent=43"}],"curies":[{"name":"wp","href":"https:\/\/api.w.org\/{rel}","templated":true}]}}