{"id":66,"date":"2019-01-11T06:20:56","date_gmt":"2019-01-11T06:20:56","guid":{"rendered":"http:\/\/localhost\/panel\/xpeedstudio\/wp\/automobil\/?page_id=66"},"modified":"2025-12-13T15:53:45","modified_gmt":"2025-12-13T15:53:45","slug":"xidmetlerimiz","status":"publish","type":"page","link":"https:\/\/gaatauto.az\/en\/xidmetlerimiz\/","title":{"rendered":"Xidm\u0259tl\u0259rimiz"},"content":{"rendered":"<div data-elementor-type=\"wp-post\" data-elementor-id=\"66\" class=\"elementor elementor-66\">\n\t\t\t\t\t\t<section class=\"elementor-section elementor-top-section elementor-element elementor-element-2ccd490 elementor-section-boxed elementor-section-height-default elementor-section-height-default\" data-id=\"2ccd490\" data-element_type=\"section\" data-e-type=\"section\">\n\t\t\t\t\t\t<div class=\"elementor-container elementor-column-gap-default\">\n\t\t\t\t\t<div class=\"elementor-column elementor-col-100 elementor-top-column elementor-element elementor-element-c2cd2c7\" data-id=\"c2cd2c7\" data-element_type=\"column\" data-e-type=\"column\">\n\t\t\t<div class=\"elementor-widget-wrap elementor-element-populated\">\n\t\t\t\t\t\t<div class=\"elementor-element elementor-element-6a3b4ea elementor-widget elementor-widget-autrics-title\" data-id=\"6a3b4ea\" data-element_type=\"widget\" data-e-type=\"widget\" data-widget_type=\"autrics-title.default\">\n\t\t\t\t<div class=\"elementor-widget-container\">\n\t\t\t\t\t                    <div class=\"title-section-area\">\n                <h2 class=\"section-title\">\n                    N\u0259 t\u0259klif edirik?                <\/h2>\n            <\/div><!-- Section title -->\n        \n\t\t\t\t<\/div>\n\t\t\t\t<\/div>\n\t\t\t\t\t<\/div>\n\t\t<\/div>\n\t\t\t\t\t<\/div>\n\t\t<\/section>\n\t\t\t\t<section class=\"elementor-section elementor-top-section elementor-element elementor-element-affc6bb elementor-section-boxed elementor-section-height-default elementor-section-height-default\" data-id=\"affc6bb\" data-element_type=\"section\" data-e-type=\"section\">\n\t\t\t\t\t\t<div class=\"elementor-container elementor-column-gap-default\">\n\t\t\t\t\t<div class=\"elementor-column elementor-col-33 elementor-top-column elementor-element elementor-element-39ad2ae\" data-id=\"39ad2ae\" data-element_type=\"column\" data-e-type=\"column\">\n\t\t\t<div class=\"elementor-widget-wrap elementor-element-populated\">\n\t\t\t\t\t\t<div class=\"elementor-element elementor-element-8d5268a elementor-widget elementor-widget-autrics-service\" data-id=\"8d5268a\" data-element_type=\"widget\" data-e-type=\"widget\" data-widget_type=\"autrics-service.default\">\n\t\t\t\t<div class=\"elementor-widget-container\">\n\t\t\t\t\t\n    \n    \n          \n      <div class=\"ts-service-wrapper\">\n        <span class=\"service-img\">\n          <img decoding=\"async\" class=\"img-fluid\" src=\"https:\/\/gaatauto.az\/wp-content\/uploads\/2019\/01\/service_img21.jpg\" alt=\"service-img\">\n        <\/span> <!-- Service Img end -->\n        <div class=\"service-content\">\n                    <h3 class=\"ts-service-title\">\n            <a href=\"https:\/\/gaatauto.az\/en\/service\/lube-oil-and-filters\/\">Amortizator xidm\u0259ti            <\/a>\n          <\/h3>\n                    \n        <\/div> <!-- Service content end -->\n      <\/div> <!-- Service wrapper end -->\n\n    \n\n    \t\t\t\t<\/div>\n\t\t\t\t<\/div>\n\t\t\t\t\t<\/div>\n\t\t<\/div>\n\t\t\t\t<div class=\"elementor-column elementor-col-33 elementor-top-column elementor-element elementor-element-b1fcaaa\" data-id=\"b1fcaaa\" data-element_type=\"column\" data-e-type=\"column\">\n\t\t\t<div class=\"elementor-widget-wrap elementor-element-populated\">\n\t\t\t\t\t\t<div class=\"elementor-element elementor-element-c494a81 elementor-widget elementor-widget-autrics-service\" data-id=\"c494a81\" data-element_type=\"widget\" data-e-type=\"widget\" data-widget_type=\"autrics-service.default\">\n\t\t\t\t<div class=\"elementor-widget-container\">\n\t\t\t\t\t\n    \n    \n          \n      <div class=\"ts-service-wrapper\">\n        <span class=\"service-img\">\n          <img decoding=\"async\" class=\"img-fluid\" src=\"https:\/\/gaatauto.az\/wp-content\/uploads\/2019\/01\/service_img51.jpg\" alt=\"service-img\">\n        <\/span> <!-- Service Img end -->\n        <div class=\"service-content\">\n                    <h3 class=\"ts-service-title\">\n            <a href=\"https:\/\/gaatauto.az\/en\/service\/computer-diagnostics\/\">Elektrik sistemi xidm\u0259ti            <\/a>\n          <\/h3>\n                    \n        <\/div> <!-- Service content end -->\n      <\/div> <!-- Service wrapper end -->\n\n    \n\n    \t\t\t\t<\/div>\n\t\t\t\t<\/div>\n\t\t\t\t\t<\/div>\n\t\t<\/div>\n\t\t\t\t<div class=\"elementor-column elementor-col-33 elementor-top-column elementor-element elementor-element-75b148c\" data-id=\"75b148c\" data-element_type=\"column\" data-e-type=\"column\">\n\t\t\t<div class=\"elementor-widget-wrap elementor-element-populated\">\n\t\t\t\t\t\t<div class=\"elementor-element elementor-element-9ee00cd elementor-widget elementor-widget-autrics-service\" data-id=\"9ee00cd\" data-element_type=\"widget\" data-e-type=\"widget\" data-widget_type=\"autrics-service.default\">\n\t\t\t\t<div class=\"elementor-widget-container\">\n\t\t\t\t\t\n    \n    \n          \n      <div class=\"ts-service-wrapper\">\n        <span class=\"service-img\">\n          <img decoding=\"async\" class=\"img-fluid\" src=\"https:\/\/gaatauto.az\/wp-content\/uploads\/2019\/01\/service_img31.jpg\" alt=\"service-img\">\n        <\/span> <!-- Service Img end -->\n        <div class=\"service-content\">\n                    <h3 class=\"ts-service-title\">\n            <a href=\"https:\/\/gaatauto.az\/en\/service\/air-conditioning-evac\/\">Diaqnostika            <\/a>\n          <\/h3>\n                    \n        <\/div> <!-- Service content end -->\n      <\/div> <!-- Service wrapper end -->\n\n    \n\n    \t\t\t\t<\/div>\n\t\t\t\t<\/div>\n\t\t\t\t\t<\/div>\n\t\t<\/div>\n\t\t\t\t\t<\/div>\n\t\t<\/section>\n\t\t\t\t<section class=\"elementor-section elementor-top-section elementor-element elementor-element-a91eba4 elementor-section-boxed elementor-section-height-default elementor-section-height-default\" data-id=\"a91eba4\" data-element_type=\"section\" data-e-type=\"section\">\n\t\t\t\t\t\t<div class=\"elementor-container elementor-column-gap-default\">\n\t\t\t\t\t<div class=\"elementor-column elementor-col-33 elementor-top-column elementor-element elementor-element-2aab93b\" data-id=\"2aab93b\" data-element_type=\"column\" data-e-type=\"column\">\n\t\t\t<div class=\"elementor-widget-wrap elementor-element-populated\">\n\t\t\t\t\t\t<div class=\"elementor-element elementor-element-b4f2a1e elementor-widget elementor-widget-autrics-service\" data-id=\"b4f2a1e\" data-element_type=\"widget\" data-e-type=\"widget\" data-widget_type=\"autrics-service.default\">\n\t\t\t\t<div class=\"elementor-widget-container\">\n\t\t\t\t\t\n    \n    \n          \n      <div class=\"ts-service-wrapper\">\n        <span class=\"service-img\">\n          <img decoding=\"async\" class=\"img-fluid\" src=\"https:\/\/gaatauto.az\/wp-content\/uploads\/2019\/01\/service_img41.jpg\" alt=\"service-img\">\n        <\/span> <!-- Service Img end -->\n        <div class=\"service-content\">\n                    <h3 class=\"ts-service-title\">\n            <a href=\"https:\/\/gaatauto.az\/en\/service\/anti-lock-brake-service\/\">\u00c7iling\u0259r xidm\u0259ti            <\/a>\n          <\/h3>\n                    \n        <\/div> <!-- Service content end -->\n      <\/div> <!-- Service wrapper end -->\n\n    \n\n    \t\t\t\t<\/div>\n\t\t\t\t<\/div>\n\t\t\t\t\t<\/div>\n\t\t<\/div>\n\t\t\t\t<div class=\"elementor-column elementor-col-33 elementor-top-column elementor-element elementor-element-a9aa573\" data-id=\"a9aa573\" data-element_type=\"column\" data-e-type=\"column\">\n\t\t\t<div class=\"elementor-widget-wrap elementor-element-populated\">\n\t\t\t\t\t\t<div class=\"elementor-element elementor-element-df86ef8 elementor-widget elementor-widget-autrics-service\" data-id=\"df86ef8\" data-element_type=\"widget\" data-e-type=\"widget\" data-widget_type=\"autrics-service.default\">\n\t\t\t\t<div class=\"elementor-widget-container\">\n\t\t\t\t\t\n    \n    \n          \n      <div class=\"ts-service-wrapper\">\n        <span class=\"service-img\">\n          <img decoding=\"async\" class=\"img-fluid\" src=\"https:\/\/gaatauto.az\/wp-content\/uploads\/2019\/01\/service_img61.jpg\" alt=\"service-img\">\n        <\/span> <!-- Service Img end -->\n        <div class=\"service-content\">\n                    <h3 class=\"ts-service-title\">\n            <a href=\"https:\/\/gaatauto.az\/en\/service\/performance-upgrades\/\">M\u00fch\u0259rrik t\u0259miri            <\/a>\n          <\/h3>\n                    \n        <\/div> <!-- Service content end -->\n      <\/div> <!-- Service wrapper end -->\n\n    \n\n    \t\t\t\t<\/div>\n\t\t\t\t<\/div>\n\t\t\t\t\t<\/div>\n\t\t<\/div>\n\t\t\t\t<div class=\"elementor-column elementor-col-33 elementor-top-column elementor-element elementor-element-4473894\" data-id=\"4473894\" data-element_type=\"column\" data-e-type=\"column\">\n\t\t\t<div class=\"elementor-widget-wrap elementor-element-populated\">\n\t\t\t\t\t\t<div class=\"elementor-element elementor-element-84b5972 elementor-widget elementor-widget-autrics-service\" data-id=\"84b5972\" data-element_type=\"widget\" data-e-type=\"widget\" data-widget_type=\"autrics-service.default\">\n\t\t\t\t<div class=\"elementor-widget-container\">\n\t\t\t\t\t\n    \n    \n          \n      <div class=\"ts-service-wrapper\">\n        <span class=\"service-img\">\n          <img decoding=\"async\" class=\"img-fluid\" src=\"https:\/\/gaatauto.az\/wp-content\/uploads\/2019\/01\/service_img11.jpg\" alt=\"service-img\">\n        <\/span> <!-- Service Img end -->\n        <div class=\"service-content\">\n                    <h3 class=\"ts-service-title\">\n            <a href=\"https:\/\/gaatauto.az\/en\/service\/pnevma-asqisi-xidmeti\/\">Pnevma asq\u0131s\u0131 xidm\u0259ti            <\/a>\n          <\/h3>\n                    \n        <\/div> <!-- Service content end -->\n      <\/div> <!-- Service wrapper end -->\n\n    \n\n    \t\t\t\t<\/div>\n\t\t\t\t<\/div>\n\t\t\t\t\t<\/div>\n\t\t<\/div>\n\t\t\t\t\t<\/div>\n\t\t<\/section>\n\t\t\t\t<section class=\"elementor-section elementor-top-section elementor-element elementor-element-274a8f0 elementor-section-boxed elementor-section-height-default elementor-section-height-default\" data-id=\"274a8f0\" data-element_type=\"section\" data-e-type=\"section\">\n\t\t\t\t\t\t<div class=\"elementor-container elementor-column-gap-default\">\n\t\t\t\t\t<div class=\"elementor-column elementor-col-100 elementor-top-column elementor-element elementor-element-5e558bb\" data-id=\"5e558bb\" data-element_type=\"column\" data-e-type=\"column\">\n\t\t\t<div class=\"elementor-widget-wrap elementor-element-populated\">\n\t\t\t\t\t\t<div class=\"elementor-element elementor-element-188c62c elementor-widget elementor-widget-autrics-process\" data-id=\"188c62c\" data-element_type=\"widget\" data-e-type=\"widget\" data-widget_type=\"autrics-process.default\">\n\t\t\t\t<div class=\"elementor-widget-container\">\n\t\t\t\t\t      \t    \t\n         \n\t\t<div class=\"row footer-top\">\n               <div class=\"col-md-4 footer-box\">\n                  <i class=\"fa fa-location-arrow\"><\/i>\n                  <div class=\"footer-box-content\">\n                     <h3>Masaz\u0131r dair\u0259sin\u0259 yax\u0131n<\/h3>\n                     <p>\u015e\u0259h\u0259r istiqam\u0259tin\u0259 sa\u011fda<\/p>\n                  <\/div>\n\t\t\t\t  <span class=\"angle-shap\"><\/span>\n               <\/div><!-- Box 1 end-->\n\t\t\t   <div class=\"col-md-4 footer-box\">\n                  <i class=\"fa fa-phone\"><\/i>\n                  <div class=\"footer-box-content\">\n                     <h3>051 329 29 03<\/h3>\n                     <p>Biz\u0259 z\u0259ng edin<\/p>\n                  <\/div>\n\t\t\t\t  <span class=\"angle-shap\"><\/span>\n\t\t\t\n               <\/div><!-- Box 1 end-->\n\t\t\t   <div class=\"col-md-4 footer-box\">\n                  <i class=\"fa fa-mail-reply\"><\/i>\n                  <div class=\"footer-box-content\">\n                     <h3>info@gaatauto.az<\/h3>\n                     <p>Korporativ \u0259m\u0259kda\u015fl\u0131q \u00fc\u00e7\u00fcn<\/p>\n                  <\/div>\n               <\/div><!-- Box 1 end-->\n         <\/div><!-- Content row end--> \n\n\t          \n     \t\t\t\t<\/div>\n\t\t\t\t<\/div>\n\t\t\t\t\t<\/div>\n\t\t<\/div>\n\t\t\t\t\t<\/div>\n\t\t<\/section>\n\t\t\t\t<\/div>","protected":false},"excerpt":{"rendered":"<p>N\u0259 t\u0259klif edirik? Amortizator xidm\u0259ti Elektrik sistemi xidm\u0259ti Diaqnostika \u00c7ilinger xidmeti M\u00fch\u0259rrik t\u0259miri Pnevma asq\u0131s\u0131 xidm\u0259ti Masaz\u0131r dair\u0259sin\u0259 yax\u0131n \u015e\u0259h\u0259r istiqam\u0259tin\u0259 sa\u011fda 051 329 29 03 Biz\u0259 z\u0259ng edin info@gaatauto.az Korporativ \u0259m\u0259kda\u015fl\u0131q \u00fc\u00e7\u00fcn<\/p>","protected":false},"author":1,"featured_media":0,"parent":0,"menu_order":0,"comment_status":"closed","ping_status":"closed","template":"template\/full-width-template.php","meta":{"footnotes":""},"class_list":["post-66","page","type-page","status-publish","hentry"],"_links":{"self":[{"href":"https:\/\/gaatauto.az\/en\/wp-json\/wp\/v2\/pages\/66","targetHints":{"allow":["GET"]}}],"collection":[{"href":"https:\/\/gaatauto.az\/en\/wp-json\/wp\/v2\/pages"}],"about":[{"href":"https:\/\/gaatauto.az\/en\/wp-json\/wp\/v2\/types\/page"}],"author":[{"embeddable":true,"href":"https:\/\/gaatauto.az\/en\/wp-json\/wp\/v2\/users\/1"}],"replies":[{"embeddable":true,"href":"https:\/\/gaatauto.az\/en\/wp-json\/wp\/v2\/comments?post=66"}],"version-history":[{"count":40,"href":"https:\/\/gaatauto.az\/en\/wp-json\/wp\/v2\/pages\/66\/revisions"}],"predecessor-version":[{"id":2542,"href":"https:\/\/gaatauto.az\/en\/wp-json\/wp\/v2\/pages\/66\/revisions\/2542"}],"wp:attachment":[{"href":"https:\/\/gaatauto.az\/en\/wp-json\/wp\/v2\/media?parent=66"}],"curies":[{"name":"wp","href":"https:\/\/api.w.org\/{rel}","templated":true}]}}